{"id":15,"date":"2022-08-04T21:25:42","date_gmt":"2022-08-04T21:25:42","guid":{"rendered":"https:\/\/novarenders.com\/?page_id=15"},"modified":"2024-05-15T02:37:21","modified_gmt":"2024-05-15T02:37:21","slug":"home","status":"publish","type":"page","link":"https:\/\/novarenders.com\/es\/","title":{"rendered":"Home"},"content":{"rendered":"<div data-elementor-type=\"wp-page\" data-elementor-id=\"15\" class=\"elementor elementor-15\" data-elementor-post-type=\"page\">\n\t\t\t\t\t\t<section class=\"elementor-section elementor-top-section elementor-element elementor-element-447d945 elementor-section-full_width elementor-section-height-min-height elementor-section-height-default elementor-section-items-middle\" data-id=\"447d945\" data-element_type=\"section\" data-e-type=\"section\" data-settings=\"{&quot;background_background&quot;:&quot;video&quot;,&quot;background_video_link&quot;:&quot;https:\\\/\\\/novarenders.com\\\/wp-content\\\/uploads\\\/2022\\\/08\\\/video1.mp4&quot;}\">\n\t\t\t\t\t\t\t\t<div class=\"elementor-background-video-container elementor-hidden-mobile\">\n\t\t\t\t\t\t\t\t\t\t\t\t\t<video class=\"elementor-background-video-hosted\" role=\"presentation\" autoplay muted playsinline loop><\/video>\n\t\t\t\t\t\t\t\t\t\t\t<\/div>\n\t\t\t\t\t\t\t\t<div class=\"elementor-container elementor-column-gap-default\">\n\t\t\t\t\t<div class=\"elementor-column elementor-col-100 elementor-top-column elementor-element elementor-element-2db5d59\" data-id=\"2db5d59\" data-element_type=\"column\" data-e-type=\"column\">\n\t\t\t<div class=\"elementor-widget-wrap elementor-element-populated\">\n\t\t\t\t\t\t<div class=\"elementor-element elementor-element-1efabcd elementor-widget elementor-widget-heading\" data-id=\"1efabcd\" data-element_type=\"widget\" data-e-type=\"widget\" data-widget_type=\"heading.default\">\n\t\t\t\t<div class=\"elementor-widget-container\">\n\t\t\t\t\t<h2 class=\"elementor-heading-title elementor-size-default\">VISUALIZA RENDERS, VISUALIZA LA REALIDAD<\/h2>\t\t\t\t<\/div>\n\t\t\t\t<\/div>\n\t\t\t\t\t<\/div>\n\t\t<\/div>\n\t\t\t\t\t<\/div>\n\t\t<\/section>\n\t\t\t\t<section class=\"elementor-section elementor-top-section elementor-element elementor-element-6b464c7 elementor-section-boxed elementor-section-height-default elementor-section-height-default\" data-id=\"6b464c7\" data-element_type=\"section\" data-e-type=\"section\" data-settings=\"{&quot;background_background&quot;:&quot;classic&quot;}\">\n\t\t\t\t\t\t<div class=\"elementor-container elementor-column-gap-default\">\n\t\t\t\t\t<div class=\"elementor-column elementor-col-100 elementor-top-column elementor-element elementor-element-dd85552\" data-id=\"dd85552\" data-element_type=\"column\" data-e-type=\"column\">\n\t\t\t<div class=\"elementor-widget-wrap elementor-element-populated\">\n\t\t\t\t\t\t<section class=\"elementor-section elementor-inner-section elementor-element elementor-element-525bf92 elementor-section-boxed elementor-section-height-default elementor-section-height-default\" data-id=\"525bf92\" data-element_type=\"section\" data-e-type=\"section\">\n\t\t\t\t\t\t<div class=\"elementor-container elementor-column-gap-default\">\n\t\t\t\t\t<div class=\"elementor-column elementor-col-50 elementor-inner-column elementor-element elementor-element-a2f035d\" data-id=\"a2f035d\" data-element_type=\"column\" data-e-type=\"column\">\n\t\t\t<div class=\"elementor-widget-wrap elementor-element-populated\">\n\t\t\t\t\t\t<div class=\"elementor-element elementor-element-687ff39 elementor-widget elementor-widget-heading\" data-id=\"687ff39\" data-element_type=\"widget\" data-e-type=\"widget\" data-widget_type=\"heading.default\">\n\t\t\t\t<div class=\"elementor-widget-container\">\n\t\t\t\t\t<h2 class=\"elementor-heading-title elementor-size-default\">Who are we?<\/h2>\t\t\t\t<\/div>\n\t\t\t\t<\/div>\n\t\t\t\t<div class=\"elementor-element elementor-element-c0e6881 elementor-widget elementor-widget-text-editor\" data-id=\"c0e6881\" data-element_type=\"widget\" data-e-type=\"widget\" data-widget_type=\"text-editor.default\">\n\t\t\t\t<div class=\"elementor-widget-container\">\n\t\t\t\t\t\t\t\t\t<p class=\"font_9\">Nova Rendering Studio es un equipo de profesionales especializados en servicios r\u00e1pidos de renderizado 3D, que incluyen, entre otros, renderizado 3D, animaci\u00f3n 3D y realidad virtual.<\/p><p class=\"font_9\">Trabajamos en estrecha colaboraci\u00f3n con desarrolladores y arquitectos dise\u00f1adores, con el objetivo de crear valor para el trabajo que hacemos y llevar las expectativas de los clientes al siguiente nivel. Somos flexibles en el tiempo de entrega sin comprometer la calidad. Ofrecemos precios competitivos de servicios de renderizado 3D.<\/p>\t\t\t\t\t\t\t\t<\/div>\n\t\t\t\t<\/div>\n\t\t\t\t<div class=\"elementor-element elementor-element-39353ed elementor-widget elementor-widget-button\" data-id=\"39353ed\" data-element_type=\"widget\" data-e-type=\"widget\" data-widget_type=\"button.default\">\n\t\t\t\t<div class=\"elementor-widget-container\">\n\t\t\t\t\t\t\t\t\t<div class=\"elementor-button-wrapper\">\n\t\t\t\t\t<a class=\"elementor-button elementor-button-link elementor-size-md\" href=\"https:\/\/novarenders.com\/es\/gallery\/\" target=\"_blank\">\n\t\t\t\t\t\t<span class=\"elementor-button-content-wrapper\">\n\t\t\t\t\t\t\t\t\t<span class=\"elementor-button-text\">Ver nuestros proyectos<\/span>\n\t\t\t\t\t<\/span>\n\t\t\t\t\t<\/a>\n\t\t\t\t<\/div>\n\t\t\t\t\t\t\t\t<\/div>\n\t\t\t\t<\/div>\n\t\t\t\t\t<\/div>\n\t\t<\/div>\n\t\t\t\t<div class=\"elementor-column elementor-col-50 elementor-inner-column elementor-element elementor-element-19adb5d\" data-id=\"19adb5d\" data-element_type=\"column\" data-e-type=\"column\">\n\t\t\t<div class=\"elementor-widget-wrap elementor-element-populated\">\n\t\t\t\t\t\t<div class=\"elementor-element elementor-element-960bcf9 elementor-widget elementor-widget-image\" data-id=\"960bcf9\" data-element_type=\"widget\" data-e-type=\"widget\" data-widget_type=\"image.default\">\n\t\t\t\t<div class=\"elementor-widget-container\">\n\t\t\t\t\t\t\t\t\t\t\t\t\t\t\t<img fetchpriority=\"high\" decoding=\"async\" width=\"1024\" height=\"540\" src=\"https:\/\/novarenders.com\/wp-content\/uploads\/2022\/08\/FOTO-SECCIONES-OPCION-2--1024x540.png\" class=\"attachment-large size-large wp-image-271\" alt=\"\" srcset=\"https:\/\/novarenders.com\/wp-content\/uploads\/2022\/08\/FOTO-SECCIONES-OPCION-2--1024x540.png 1024w, https:\/\/novarenders.com\/wp-content\/uploads\/2022\/08\/FOTO-SECCIONES-OPCION-2--600x316.png 600w, https:\/\/novarenders.com\/wp-content\/uploads\/2022\/08\/FOTO-SECCIONES-OPCION-2--300x158.png 300w, https:\/\/novarenders.com\/wp-content\/uploads\/2022\/08\/FOTO-SECCIONES-OPCION-2--768x405.png 768w, https:\/\/novarenders.com\/wp-content\/uploads\/2022\/08\/FOTO-SECCIONES-OPCION-2--1536x810.png 1536w, https:\/\/novarenders.com\/wp-content\/uploads\/2022\/08\/FOTO-SECCIONES-OPCION-2--2048x1080.png 2048w\" sizes=\"(max-width: 1024px) 100vw, 1024px\" \/>\t\t\t\t\t\t\t\t\t\t\t\t\t\t\t<\/div>\n\t\t\t\t<\/div>\n\t\t\t\t\t<\/div>\n\t\t<\/div>\n\t\t\t\t\t<\/div>\n\t\t<\/section>\n\t\t\t\t\t<\/div>\n\t\t<\/div>\n\t\t\t\t\t<\/div>\n\t\t<\/section>\n\t\t\t\t<section class=\"elementor-section elementor-top-section elementor-element elementor-element-5c70686 elementor-section-boxed elementor-section-height-default elementor-section-height-default\" data-id=\"5c70686\" data-element_type=\"section\" data-e-type=\"section\" data-settings=\"{&quot;background_background&quot;:&quot;classic&quot;}\">\n\t\t\t\t\t\t<div class=\"elementor-container elementor-column-gap-default\">\n\t\t\t\t\t<div class=\"elementor-column elementor-col-100 elementor-top-column elementor-element elementor-element-e5dd524\" data-id=\"e5dd524\" data-element_type=\"column\" data-e-type=\"column\">\n\t\t\t<div class=\"elementor-widget-wrap elementor-element-populated\">\n\t\t\t\t\t\t<section class=\"elementor-section elementor-inner-section elementor-element elementor-element-b6bf7e1 elementor-section-boxed elementor-section-height-default elementor-section-height-default\" data-id=\"b6bf7e1\" data-element_type=\"section\" data-e-type=\"section\">\n\t\t\t\t\t\t<div class=\"elementor-container elementor-column-gap-default\">\n\t\t\t\t\t<div class=\"elementor-column elementor-col-50 elementor-inner-column elementor-element elementor-element-40a5b6e\" data-id=\"40a5b6e\" data-element_type=\"column\" data-e-type=\"column\">\n\t\t\t<div class=\"elementor-widget-wrap elementor-element-populated\">\n\t\t\t\t\t\t<div class=\"elementor-element elementor-element-25be938 elementor-widget elementor-widget-image\" data-id=\"25be938\" data-element_type=\"widget\" data-e-type=\"widget\" data-widget_type=\"image.default\">\n\t\t\t\t<div class=\"elementor-widget-container\">\n\t\t\t\t\t\t\t\t\t\t\t\t\t\t\t<img decoding=\"async\" width=\"1024\" height=\"576\" src=\"https:\/\/novarenders.com\/wp-content\/uploads\/2022\/08\/FOTO-SECCIONES-OPCION-1-1024x576.jpg\" class=\"attachment-large size-large wp-image-270\" alt=\"\" srcset=\"https:\/\/novarenders.com\/wp-content\/uploads\/2022\/08\/FOTO-SECCIONES-OPCION-1-1024x576.jpg 1024w, https:\/\/novarenders.com\/wp-content\/uploads\/2022\/08\/FOTO-SECCIONES-OPCION-1-scaled-600x338.jpg 600w, https:\/\/novarenders.com\/wp-content\/uploads\/2022\/08\/FOTO-SECCIONES-OPCION-1-300x169.jpg 300w, https:\/\/novarenders.com\/wp-content\/uploads\/2022\/08\/FOTO-SECCIONES-OPCION-1-768x432.jpg 768w, https:\/\/novarenders.com\/wp-content\/uploads\/2022\/08\/FOTO-SECCIONES-OPCION-1-1536x864.jpg 1536w, https:\/\/novarenders.com\/wp-content\/uploads\/2022\/08\/FOTO-SECCIONES-OPCION-1-2048x1152.jpg 2048w\" sizes=\"(max-width: 1024px) 100vw, 1024px\" \/>\t\t\t\t\t\t\t\t\t\t\t\t\t\t\t<\/div>\n\t\t\t\t<\/div>\n\t\t\t\t\t<\/div>\n\t\t<\/div>\n\t\t\t\t<div class=\"elementor-column elementor-col-50 elementor-inner-column elementor-element elementor-element-b3de8fc\" data-id=\"b3de8fc\" data-element_type=\"column\" data-e-type=\"column\">\n\t\t\t<div class=\"elementor-widget-wrap elementor-element-populated\">\n\t\t\t\t\t\t<div class=\"elementor-element elementor-element-5a6460b elementor-widget elementor-widget-heading\" data-id=\"5a6460b\" data-element_type=\"widget\" data-e-type=\"widget\" data-widget_type=\"heading.default\">\n\t\t\t\t<div class=\"elementor-widget-container\">\n\t\t\t\t\t<h2 class=\"elementor-heading-title elementor-size-default\"><span data-elementor-setting-key=\"title\" data-pen-placeholder=\"Type Here...\" style=\"text-transform: none\">Why choose us?<\/span><\/h2>\t\t\t\t<\/div>\n\t\t\t\t<\/div>\n\t\t\t\t<div class=\"elementor-element elementor-element-b7efa4f elementor-widget elementor-widget-heading\" data-id=\"b7efa4f\" data-element_type=\"widget\" data-e-type=\"widget\" data-widget_type=\"heading.default\">\n\t\t\t\t<div class=\"elementor-widget-container\">\n\t\t\t\t\t<h2 class=\"elementor-heading-title elementor-size-default\">AMPLIA EXPERIENCIA:<\/h2>\t\t\t\t<\/div>\n\t\t\t\t<\/div>\n\t\t\t\t<div class=\"elementor-element elementor-element-566fe37 elementor-widget elementor-widget-text-editor\" data-id=\"566fe37\" data-element_type=\"widget\" data-e-type=\"widget\" data-widget_type=\"text-editor.default\">\n\t\t\t\t<div class=\"elementor-widget-container\">\n\t\t\t\t\t\t\t\t\t<p class=\"font_9\">El equipo de Nova Rendering ha estado en la industria de la visualizaci\u00f3n 3D durante mucho tiempo, realizando diversos proyectos para mejorar la experiencia de cada cliente.<\/p>\t\t\t\t\t\t\t\t<\/div>\n\t\t\t\t<\/div>\n\t\t\t\t\t<\/div>\n\t\t<\/div>\n\t\t\t\t\t<\/div>\n\t\t<\/section>\n\t\t\t\t\t<\/div>\n\t\t<\/div>\n\t\t\t\t\t<\/div>\n\t\t<\/section>\n\t\t\t\t<section class=\"elementor-section elementor-top-section elementor-element elementor-element-a6f3ffe elementor-section-boxed elementor-section-height-default elementor-section-height-default\" data-id=\"a6f3ffe\" data-element_type=\"section\" data-e-type=\"section\" data-settings=\"{&quot;background_background&quot;:&quot;classic&quot;}\">\n\t\t\t\t\t\t<div class=\"elementor-container elementor-column-gap-default\">\n\t\t\t\t\t<div class=\"elementor-column elementor-col-100 elementor-top-column elementor-element elementor-element-768aef0\" data-id=\"768aef0\" data-element_type=\"column\" data-e-type=\"column\">\n\t\t\t<div class=\"elementor-widget-wrap elementor-element-populated\">\n\t\t\t\t\t\t<section class=\"elementor-section elementor-inner-section elementor-element elementor-element-b9fb74d elementor-section-boxed elementor-section-height-default elementor-section-height-default\" data-id=\"b9fb74d\" data-element_type=\"section\" data-e-type=\"section\">\n\t\t\t\t\t\t<div class=\"elementor-container elementor-column-gap-default\">\n\t\t\t\t\t<div class=\"elementor-column elementor-col-50 elementor-inner-column elementor-element elementor-element-cbb78a0\" data-id=\"cbb78a0\" data-element_type=\"column\" data-e-type=\"column\">\n\t\t\t<div class=\"elementor-widget-wrap elementor-element-populated\">\n\t\t\t\t\t\t<div class=\"elementor-element elementor-element-d9817f5 elementor-widget elementor-widget-heading\" data-id=\"d9817f5\" data-element_type=\"widget\" data-e-type=\"widget\" data-widget_type=\"heading.default\">\n\t\t\t\t<div class=\"elementor-widget-container\">\n\t\t\t\t\t<h2 class=\"elementor-heading-title elementor-size-default\"><span data-elementor-setting-key=\"title\" data-pen-placeholder=\"Type Here...\" style=\"font-family: Arial, sans-serif;font-size: 22px;text-transform: none\">Cost- Effective<\/span><\/h2>\t\t\t\t<\/div>\n\t\t\t\t<\/div>\n\t\t\t\t<div class=\"elementor-element elementor-element-d6e7818 elementor-widget elementor-widget-text-editor\" data-id=\"d6e7818\" data-element_type=\"widget\" data-e-type=\"widget\" data-widget_type=\"text-editor.default\">\n\t\t\t\t<div class=\"elementor-widget-container\">\n\t\t\t\t\t\t\t\t\t<p class=\"font_9\">En Nova Rendering Studio, entendemos sus necesidades y nos esforzamos por brindarle el mejor trabajo posible. El trabajo que ofrecemos le brinda un mayor control sobre las ideas y los conceptos que est\u00e1 lanzando y presentando, lo que permite una base s\u00f3lida y exitosa para que pueda tomar la delantera en el juego.<\/p><p class=\"font_8\"><strong>- Los precios de renderizado 3D comienzan en $ 200 USD.<\/strong><\/p><p class=\"font_8\"><strong><span class=\"wixGuard\">\u200b<\/span>- OBT\u00c9N UNA COTIZACI\u00d3N GRATUITA<\/strong><\/p>\t\t\t\t\t\t\t\t<\/div>\n\t\t\t\t<\/div>\n\t\t\t\t\t<\/div>\n\t\t<\/div>\n\t\t\t\t<div class=\"elementor-column elementor-col-50 elementor-inner-column elementor-element elementor-element-60c1c54\" data-id=\"60c1c54\" data-element_type=\"column\" data-e-type=\"column\">\n\t\t\t<div class=\"elementor-widget-wrap elementor-element-populated\">\n\t\t\t\t\t\t<div class=\"elementor-element elementor-element-8c36b3f elementor-widget elementor-widget-image\" data-id=\"8c36b3f\" data-element_type=\"widget\" data-e-type=\"widget\" data-widget_type=\"image.default\">\n\t\t\t\t<div class=\"elementor-widget-container\">\n\t\t\t\t\t\t\t\t\t\t\t\t\t\t\t<img decoding=\"async\" width=\"563\" height=\"556\" src=\"https:\/\/novarenders.com\/wp-content\/uploads\/2022\/08\/COST-EFFECTIVE-HOME.jpg\" class=\"attachment-large size-large wp-image-84\" alt=\"\" srcset=\"https:\/\/novarenders.com\/wp-content\/uploads\/2022\/08\/COST-EFFECTIVE-HOME.jpg 563w, https:\/\/novarenders.com\/wp-content\/uploads\/2022\/08\/COST-EFFECTIVE-HOME-100x100.jpg 100w, https:\/\/novarenders.com\/wp-content\/uploads\/2022\/08\/COST-EFFECTIVE-HOME-300x296.jpg 300w\" sizes=\"(max-width: 563px) 100vw, 563px\" \/>\t\t\t\t\t\t\t\t\t\t\t\t\t\t\t<\/div>\n\t\t\t\t<\/div>\n\t\t\t\t\t<\/div>\n\t\t<\/div>\n\t\t\t\t\t<\/div>\n\t\t<\/section>\n\t\t\t\t\t<\/div>\n\t\t<\/div>\n\t\t\t\t\t<\/div>\n\t\t<\/section>\n\t\t\t\t<section class=\"elementor-section elementor-top-section elementor-element elementor-element-b7db49f elementor-section-boxed elementor-section-height-default elementor-section-height-default\" data-id=\"b7db49f\" data-element_type=\"section\" data-e-type=\"section\" data-settings=\"{&quot;background_background&quot;:&quot;classic&quot;}\">\n\t\t\t\t\t\t<div class=\"elementor-container elementor-column-gap-default\">\n\t\t\t\t\t<div class=\"elementor-column elementor-col-100 elementor-top-column elementor-element elementor-element-67007e3\" data-id=\"67007e3\" data-element_type=\"column\" data-e-type=\"column\">\n\t\t\t<div class=\"elementor-widget-wrap elementor-element-populated\">\n\t\t\t\t\t\t<section class=\"elementor-section elementor-inner-section elementor-element elementor-element-5bd4fb1 elementor-section-boxed elementor-section-height-default elementor-section-height-default\" data-id=\"5bd4fb1\" data-element_type=\"section\" data-e-type=\"section\">\n\t\t\t\t\t\t<div class=\"elementor-container elementor-column-gap-default\">\n\t\t\t\t\t<div class=\"elementor-column elementor-col-50 elementor-inner-column elementor-element elementor-element-d8a31bc\" data-id=\"d8a31bc\" data-element_type=\"column\" data-e-type=\"column\">\n\t\t\t<div class=\"elementor-widget-wrap elementor-element-populated\">\n\t\t\t\t\t\t<div class=\"elementor-element elementor-element-edb9f2d elementor-widget elementor-widget-image\" data-id=\"edb9f2d\" data-element_type=\"widget\" data-e-type=\"widget\" data-widget_type=\"image.default\">\n\t\t\t\t<div class=\"elementor-widget-container\">\n\t\t\t\t\t\t\t\t\t\t\t\t\t\t\t<img loading=\"lazy\" decoding=\"async\" width=\"1024\" height=\"673\" src=\"https:\/\/novarenders.com\/wp-content\/uploads\/2022\/08\/QUICK-TURN-ARROUND-1024x673.png\" class=\"attachment-large size-large wp-image-86\" alt=\"\" srcset=\"https:\/\/novarenders.com\/wp-content\/uploads\/2022\/08\/QUICK-TURN-ARROUND-1024x673.png 1024w, https:\/\/novarenders.com\/wp-content\/uploads\/2022\/08\/QUICK-TURN-ARROUND-600x394.png 600w, https:\/\/novarenders.com\/wp-content\/uploads\/2022\/08\/QUICK-TURN-ARROUND-300x197.png 300w, https:\/\/novarenders.com\/wp-content\/uploads\/2022\/08\/QUICK-TURN-ARROUND-768x505.png 768w, https:\/\/novarenders.com\/wp-content\/uploads\/2022\/08\/QUICK-TURN-ARROUND-1536x1010.png 1536w, https:\/\/novarenders.com\/wp-content\/uploads\/2022\/08\/QUICK-TURN-ARROUND-2048x1346.png 2048w\" sizes=\"(max-width: 1024px) 100vw, 1024px\" \/>\t\t\t\t\t\t\t\t\t\t\t\t\t\t\t<\/div>\n\t\t\t\t<\/div>\n\t\t\t\t\t<\/div>\n\t\t<\/div>\n\t\t\t\t<div class=\"elementor-column elementor-col-50 elementor-inner-column elementor-element elementor-element-2df4b63\" data-id=\"2df4b63\" data-element_type=\"column\" data-e-type=\"column\">\n\t\t\t<div class=\"elementor-widget-wrap elementor-element-populated\">\n\t\t\t\t\t\t<div class=\"elementor-element elementor-element-f87d547 elementor-widget elementor-widget-heading\" data-id=\"f87d547\" data-element_type=\"widget\" data-e-type=\"widget\" data-widget_type=\"heading.default\">\n\t\t\t\t<div class=\"elementor-widget-container\">\n\t\t\t\t\t<h2 class=\"elementor-heading-title elementor-size-default\"><span data-elementor-setting-key=\"title\" data-pen-placeholder=\"Type Here...\" style=\"font-family: Arial, sans-serif;font-size: 22px;text-transform: none\">Quick Turn- around?<\/span><\/h2>\t\t\t\t<\/div>\n\t\t\t\t<\/div>\n\t\t\t\t<div class=\"elementor-element elementor-element-326bf9c elementor-widget elementor-widget-text-editor\" data-id=\"326bf9c\" data-element_type=\"widget\" data-e-type=\"widget\" data-widget_type=\"text-editor.default\">\n\t\t\t\t<div class=\"elementor-widget-container\">\n\t\t\t\t\t\t\t\t\t<p class=\"font_9\">Normalmente, toma 5 d\u00edas para completar un proyecto. El lapso de producci\u00f3n para proyectos express podr\u00eda ser m\u00e1s corto seg\u00fan los requisitos del cliente. A cada proyecto se le calcula un tiempo diferente.<\/p>\t\t\t\t\t\t\t\t<\/div>\n\t\t\t\t<\/div>\n\t\t\t\t<div class=\"elementor-element elementor-element-e325d85 elementor-widget elementor-widget-button\" data-id=\"e325d85\" data-element_type=\"widget\" data-e-type=\"widget\" data-widget_type=\"button.default\">\n\t\t\t\t<div class=\"elementor-widget-container\">\n\t\t\t\t\t\t\t\t\t<div class=\"elementor-button-wrapper\">\n\t\t\t\t\t<a class=\"elementor-button elementor-button-link elementor-size-md\" href=\"https:\/\/novarenders.com\/es\/process\/\" target=\"_blank\">\n\t\t\t\t\t\t<span class=\"elementor-button-content-wrapper\">\n\t\t\t\t\t\t\t\t\t<span class=\"elementor-button-text\"> Ver nuestro proceso de trabajo<\/span>\n\t\t\t\t\t<\/span>\n\t\t\t\t\t<\/a>\n\t\t\t\t<\/div>\n\t\t\t\t\t\t\t\t<\/div>\n\t\t\t\t<\/div>\n\t\t\t\t\t<\/div>\n\t\t<\/div>\n\t\t\t\t\t<\/div>\n\t\t<\/section>\n\t\t\t\t\t<\/div>\n\t\t<\/div>\n\t\t\t\t\t<\/div>\n\t\t<\/section>\n\t\t\t\t<section class=\"elementor-section elementor-top-section elementor-element elementor-element-c63a3e4 elementor-section-height-min-height elementor-section-boxed elementor-section-height-default elementor-section-items-middle\" data-id=\"c63a3e4\" data-element_type=\"section\" data-e-type=\"section\" data-settings=\"{&quot;background_background&quot;:&quot;classic&quot;}\">\n\t\t\t\t\t\t\t<div class=\"elementor-background-overlay\"><\/div>\n\t\t\t\t\t\t\t<div class=\"elementor-container elementor-column-gap-default\">\n\t\t\t\t\t<div class=\"elementor-column elementor-col-100 elementor-top-column elementor-element elementor-element-cb5356f\" data-id=\"cb5356f\" data-element_type=\"column\" data-e-type=\"column\">\n\t\t\t<div class=\"elementor-widget-wrap elementor-element-populated\">\n\t\t\t\t\t\t<section class=\"elementor-section elementor-inner-section elementor-element elementor-element-e73d4bd elementor-section-boxed elementor-section-height-default elementor-section-height-default\" data-id=\"e73d4bd\" data-element_type=\"section\" data-e-type=\"section\">\n\t\t\t\t\t\t<div class=\"elementor-container elementor-column-gap-default\">\n\t\t\t\t\t<div class=\"elementor-column elementor-col-100 elementor-inner-column elementor-element elementor-element-208c4f6\" data-id=\"208c4f6\" data-element_type=\"column\" data-e-type=\"column\">\n\t\t\t<div class=\"elementor-widget-wrap elementor-element-populated\">\n\t\t\t\t\t\t<div class=\"elementor-element elementor-element-d740a3b elementor-widget elementor-widget-heading\" data-id=\"d740a3b\" data-element_type=\"widget\" data-e-type=\"widget\" data-widget_type=\"heading.default\">\n\t\t\t\t<div class=\"elementor-widget-container\">\n\t\t\t\t\t<h2 class=\"elementor-heading-title elementor-size-default\">\u00a1OBT\u00c9N UN 10% DE DESCUENTO EN TU PRIMER PROYECTO! <\/h2>\t\t\t\t<\/div>\n\t\t\t\t<\/div>\n\t\t\t\t<div class=\"elementor-element elementor-element-8173f6e elementor-widget elementor-widget-text-editor\" data-id=\"8173f6e\" data-element_type=\"widget\" data-e-type=\"widget\" data-widget_type=\"text-editor.default\">\n\t\t\t\t<div class=\"elementor-widget-container\">\n\t\t\t\t\t\t\t\t\t<div id=\"SITE_PAGES\" class=\"_1gF1C\"><div id=\"SITE_PAGES_TRANSITION_GROUP\" class=\"_2YGAo\"><div id=\"c1dmp\" class=\"Ry26q\"><div class=\"_3K7uv\"><div id=\"Containerc1dmp\" class=\"_1KV2M\"><div class=\"\" data-mesh-id=\"Containerc1dmpinlineContent\" data-testid=\"inline-content\"><div data-mesh-id=\"Containerc1dmpinlineContent-gridContainer\" data-testid=\"mesh-container-content\"><section id=\"comp-jjxn7czo\" class=\"_3d64y\"><div class=\"_1uldx\" data-testid=\"columns\"><div id=\"comp-jjxn7d1s\" class=\"_1vNJf\"><div class=\"_2RKTZ\" data-mesh-id=\"comp-jjxn7d1sinlineContent\" data-testid=\"inline-content\"><div data-mesh-id=\"comp-jjxn7d1sinlineContent-gridContainer\" data-testid=\"mesh-container-content\"><div id=\"comp-jjxn7d2d\" class=\"_1Q9if _3bcaz\" data-testid=\"richTextElement\"><p class=\"font_9\"><span class=\"color_11\">Las representaciones 3D son im\u00e1genes generadas por computadora del desarrollo o las propiedades, muestran los dise\u00f1os, los materiales, el acabado y la iluminaci\u00f3n dentro del dise\u00f1o terminado. Los bienes ra\u00edces de representaci\u00f3n 3D son, sin duda, la forma m\u00e1s poderosa e impactante de presentar una propuesta, brindando a los clientes una \"sensaci\u00f3n\" real del aspecto deseado, y sirve como la presencia perfecta de sus conceptos e ideas.<\/span><\/p><\/div><\/div><\/div><\/div><\/div><\/section><\/div><\/div><\/div><\/div><\/div><\/div><\/div>\t\t\t\t\t\t\t\t<\/div>\n\t\t\t\t<\/div>\n\t\t\t\t<div class=\"elementor-element elementor-element-6667e86 elementor-align-center elementor-widget elementor-widget-button\" data-id=\"6667e86\" data-element_type=\"widget\" data-e-type=\"widget\" data-widget_type=\"button.default\">\n\t\t\t\t<div class=\"elementor-widget-container\">\n\t\t\t\t\t\t\t\t\t<div class=\"elementor-button-wrapper\">\n\t\t\t\t\t<a class=\"elementor-button elementor-button-link elementor-size-lg\" href=\"https:\/\/novarenders.com\/es\/contact-us\/\" target=\"_blank\">\n\t\t\t\t\t\t<span class=\"elementor-button-content-wrapper\">\n\t\t\t\t\t\t\t\t\t<span class=\"elementor-button-text\">CONT\u00c1CTANOS<\/span>\n\t\t\t\t\t<\/span>\n\t\t\t\t\t<\/a>\n\t\t\t\t<\/div>\n\t\t\t\t\t\t\t\t<\/div>\n\t\t\t\t<\/div>\n\t\t\t\t\t<\/div>\n\t\t<\/div>\n\t\t\t\t\t<\/div>\n\t\t<\/section>\n\t\t\t\t\t<\/div>\n\t\t<\/div>\n\t\t\t\t\t<\/div>\n\t\t<\/section>\n\t\t\t\t<\/div>","protected":false},"excerpt":{"rendered":"<p>VISUALIZE RENDERS, VISUALIZE REALITY Who are we? Nova Rendering Studio is a team of professionals specialized in quick 3d rendering<\/p>","protected":false},"author":1,"featured_media":0,"parent":0,"menu_order":0,"comment_status":"closed","ping_status":"closed","template":"elementor_header_footer","meta":{"_tutorstarter_page_metadata":[],"footnotes":""},"class_list":["post-15","page","type-page","status-publish","hentry"],"_links":{"self":[{"href":"https:\/\/novarenders.com\/es\/wp-json\/wp\/v2\/pages\/15","targetHints":{"allow":["GET"]}}],"collection":[{"href":"https:\/\/novarenders.com\/es\/wp-json\/wp\/v2\/pages"}],"about":[{"href":"https:\/\/novarenders.com\/es\/wp-json\/wp\/v2\/types\/page"}],"author":[{"embeddable":true,"href":"https:\/\/novarenders.com\/es\/wp-json\/wp\/v2\/users\/1"}],"replies":[{"embeddable":true,"href":"https:\/\/novarenders.com\/es\/wp-json\/wp\/v2\/comments?post=15"}],"version-history":[{"count":98,"href":"https:\/\/novarenders.com\/es\/wp-json\/wp\/v2\/pages\/15\/revisions"}],"predecessor-version":[{"id":14052,"href":"https:\/\/novarenders.com\/es\/wp-json\/wp\/v2\/pages\/15\/revisions\/14052"}],"wp:attachment":[{"href":"https:\/\/novarenders.com\/es\/wp-json\/wp\/v2\/media?parent=15"}],"curies":[{"name":"wp","href":"https:\/\/api.w.org\/{rel}","templated":true}]}}